{"id":7,"date":"2019-12-16T17:26:14","date_gmt":"2019-12-16T17:26:14","guid":{"rendered":"https:\/\/japanpun.ch\/?page_id=7"},"modified":"2024-02-29T15:48:12","modified_gmt":"2024-02-29T15:48:12","slug":"the-new-umoma-opens-its-doors-2","status":"publish","type":"page","link":"https:\/\/japanpun.ch\/?page_id=7","title":{"rendered":"Pour une com&rsquo; aussi percutante en japonais qu\u2019en fran\u00e7ais"},"content":{"rendered":"\n<div class=\"wp-block-group alignwide\"><div class=\"wp-block-group__inner-container is-layout-flow wp-block-group-is-layout-flow\">\n<blockquote class=\"wp-block-quote is-layout-flow wp-block-quote-is-layout-flow\">\n<p class=\"has-text-align-center\">Du print au web, en passant par les r\u00e9seaux sociaux et l&rsquo;organisation d&rsquo;\u00e9v\u00e9nements, notre expertise couvre tous les canaux essentiels pour maximiser votre visibilit\u00e9 et engagement.<\/p>\n<\/blockquote>\n<\/div><\/div>\n\n\n\n<figure class=\"wp-block-image alignfull size-full\"><img decoding=\"async\" src=\"https:\/\/japanpun.ch\/wp-content\/themes\/twentytwenty\/assets\/images\/2020-landscape-2.png\" alt=\"\" class=\"wp-image-37\"\/><\/figure>\n\n\n\n<div class=\"wp-block-group alignwide\"><div class=\"wp-block-group__inner-container is-layout-flow wp-block-group-is-layout-flow\">\n<h2 class=\"wp-block-heading has-text-align-center has-accent-color has-text-color\">\u00ab\u00a0Ma\u00eetrisez les codes culturels essentiels pour garantir le succ\u00e8s de vos affaires entre la France et le Japon.\u00a0\u00bb<\/h2>\n<\/div><\/div>\n\n\n\n<p>Une langue constitue un syst\u00e8me complexe et unique ; opter pour une communication qui se contente de transposer mot pour mot d&rsquo;une langue \u00e0 l&rsquo;autre est une erreur fondamentale.<\/p>\n\n\n\n<p>Notre \u00e9quipe, compos\u00e9e de sp\u00e9cialistes fran\u00e7ais et japonais, vous accompagne et vous offre des conseils \u00e0 chaque \u00e9tape de votre communication, en s&rsquo;appuyant sur les meilleurs outils et experts disponibles.\u00a0\u00bb<\/p>\n\n\n\n<div class=\"wp-block-group alignwide has-background\" style=\"background-color:#ffffff\"><div class=\"wp-block-group__inner-container is-layout-flow wp-block-group-is-layout-flow\">\n<div class=\"wp-block-group\"><div class=\"wp-block-group__inner-container is-layout-flow wp-block-group-is-layout-flow\">\n<h2 class=\"wp-block-heading has-text-align-center\">TROUVER LA \u201cVOIX\u201d<br>POUR R\u00c9USSIR<\/h2>\n\n\n\n<p class=\"has-text-align-center\">Notre agence de communication 360\u00b0 met \u00e0 votre disposition son expertise franco-japonaise pour identifier et s\u00e9duire efficacement votre client\u00e8le cible.<\/p>\n\n\n\n<div class=\"wp-block-button aligncenter\"><a class=\"wp-block-button__link wp-element-button\" href=\"https:\/\/japanpun.ch\/?page_id=9\">DEMANDEZ UN DEVIS<\/a><\/div>\n<\/div><\/div>\n<\/div><\/div>\n\n\n\n<figure class=\"wp-block-gallery alignwide has-nested-images columns-default is-cropped wp-block-gallery-1 is-layout-flex wp-block-gallery-is-layout-flex\">\n<figure class=\"wp-block-image size-large\"><img decoding=\"async\" data-id=\"39\" src=\"https:\/\/japanpun.ch\/wp-content\/themes\/twentytwenty\/assets\/images\/2020-square-2.png\" alt=\"\" class=\"wp-image-39\"\/><\/figure>\n\n\n\n<figure class=\"wp-block-image size-large\"><img decoding=\"async\" data-id=\"38\" src=\"https:\/\/japanpun.ch\/wp-content\/themes\/twentytwenty\/assets\/images\/2020-square-1.png\" alt=\"\" class=\"wp-image-38\"\/><\/figure>\n<\/figure>\n","protected":false},"excerpt":{"rendered":"<p>Du print au web, en passant par les r\u00e9seaux sociaux et l&rsquo;organisation d&rsquo;\u00e9v\u00e9nements, notre expertise couvre tous les canaux essentiels pour maximiser votre visibilit\u00e9 et engagement. \u00ab\u00a0Ma\u00eetrisez les codes culturels essentiels pour garantir le succ\u00e8s de vos affaires entre la France et le Japon.\u00a0\u00bb Une langue constitue un syst\u00e8me complexe et unique ; opter pour [&hellip;]<\/p>\n","protected":false},"author":1,"featured_media":6,"parent":0,"menu_order":0,"comment_status":"closed","ping_status":"closed","template":"","meta":{"footnotes":""},"class_list":["post-7","page","type-page","status-publish","has-post-thumbnail","hentry"],"yoast_head":"<!-- This site is optimized with the Yoast SEO plugin v27.4 - https:\/\/yoast.com\/product\/yoast-seo-wordpress\/ -->\n<title>Pour une com&#039; aussi percutante en japonais qu\u2019en fran\u00e7ais - JAPAN PUNCH Group<\/title>\n<meta name=\"robots\" content=\"index, follow, max-snippet:-1, max-image-preview:large, max-video-preview:-1\" \/>\n<link rel=\"canonical\" href=\"https:\/\/japanpun.ch\/?page_id=7\" \/>\n<meta property=\"og:locale\" content=\"fr_FR\" \/>\n<meta property=\"og:type\" content=\"article\" \/>\n<meta property=\"og:title\" content=\"Pour une com&#039; aussi percutante en japonais qu\u2019en fran\u00e7ais - JAPAN PUNCH Group\" \/>\n<meta property=\"og:description\" content=\"Du print au web, en passant par les r\u00e9seaux sociaux et l&rsquo;organisation d&rsquo;\u00e9v\u00e9nements, notre expertise couvre tous les canaux essentiels pour maximiser votre visibilit\u00e9 et engagement. \u00ab\u00a0Ma\u00eetrisez les codes culturels essentiels pour garantir le succ\u00e8s de vos affaires entre la France et le Japon.\u00a0\u00bb Une langue constitue un syst\u00e8me complexe et unique ; opter pour [&hellip;]\" \/>\n<meta property=\"og:url\" content=\"https:\/\/japanpun.ch\/?page_id=7\" \/>\n<meta property=\"og:site_name\" content=\"JAPAN PUNCH Group\" \/>\n<meta property=\"article:modified_time\" content=\"2024-02-29T15:48:12+00:00\" \/>\n<meta property=\"og:image\" content=\"https:\/\/japanpun.ch\/wp-content\/uploads\/2019\/12\/2020-landscape-1.png\" \/>\n\t<meta property=\"og:image:width\" content=\"1200\" \/>\n\t<meta property=\"og:image:height\" content=\"769\" \/>\n\t<meta property=\"og:image:type\" content=\"image\/png\" \/>\n<meta name=\"twitter:card\" content=\"summary_large_image\" \/>\n<meta name=\"twitter:label1\" content=\"Dur\u00e9e de lecture estim\u00e9e\" \/>\n\t<meta name=\"twitter:data1\" content=\"2 minutes\" \/>\n<script type=\"application\/ld+json\" class=\"yoast-schema-graph\">{\"@context\":\"https:\\\/\\\/schema.org\",\"@graph\":[{\"@type\":\"WebPage\",\"@id\":\"https:\\\/\\\/japanpun.ch\\\/?page_id=7\",\"url\":\"https:\\\/\\\/japanpun.ch\\\/?page_id=7\",\"name\":\"Pour une com' aussi percutante en japonais qu\u2019en fran\u00e7ais - JAPAN PUNCH Group\",\"isPartOf\":{\"@id\":\"https:\\\/\\\/japanpun.ch\\\/#website\"},\"primaryImageOfPage\":{\"@id\":\"https:\\\/\\\/japanpun.ch\\\/?page_id=7#primaryimage\"},\"image\":{\"@id\":\"https:\\\/\\\/japanpun.ch\\\/?page_id=7#primaryimage\"},\"thumbnailUrl\":\"https:\\\/\\\/japanpun.ch\\\/wp-content\\\/uploads\\\/2019\\\/12\\\/2020-landscape-1.png\",\"datePublished\":\"2019-12-16T17:26:14+00:00\",\"dateModified\":\"2024-02-29T15:48:12+00:00\",\"breadcrumb\":{\"@id\":\"https:\\\/\\\/japanpun.ch\\\/?page_id=7#breadcrumb\"},\"inLanguage\":\"fr-FR\",\"potentialAction\":[{\"@type\":\"ReadAction\",\"target\":[\"https:\\\/\\\/japanpun.ch\\\/?page_id=7\"]}]},{\"@type\":\"ImageObject\",\"inLanguage\":\"fr-FR\",\"@id\":\"https:\\\/\\\/japanpun.ch\\\/?page_id=7#primaryimage\",\"url\":\"https:\\\/\\\/japanpun.ch\\\/wp-content\\\/uploads\\\/2019\\\/12\\\/2020-landscape-1.png\",\"contentUrl\":\"https:\\\/\\\/japanpun.ch\\\/wp-content\\\/uploads\\\/2019\\\/12\\\/2020-landscape-1.png\",\"width\":1200,\"height\":769},{\"@type\":\"BreadcrumbList\",\"@id\":\"https:\\\/\\\/japanpun.ch\\\/?page_id=7#breadcrumb\",\"itemListElement\":[{\"@type\":\"ListItem\",\"position\":1,\"name\":\"Home\",\"item\":\"https:\\\/\\\/japanpun.ch\\\/\"},{\"@type\":\"ListItem\",\"position\":2,\"name\":\"Pour une com&rsquo; aussi percutante en japonais qu\u2019en fran\u00e7ais\"}]},{\"@type\":\"WebSite\",\"@id\":\"https:\\\/\\\/japanpun.ch\\\/#website\",\"url\":\"https:\\\/\\\/japanpun.ch\\\/\",\"name\":\"JAPAN PUNCH Group\",\"description\":\"France\\\/Japan \ud83c\uddef\ud83c\uddf5\ud83c\uddeb\ud83c\uddf7 Cross Business\",\"publisher\":{\"@id\":\"https:\\\/\\\/japanpun.ch\\\/#organization\"},\"potentialAction\":[{\"@type\":\"SearchAction\",\"target\":{\"@type\":\"EntryPoint\",\"urlTemplate\":\"https:\\\/\\\/japanpun.ch\\\/?s={search_term_string}\"},\"query-input\":{\"@type\":\"PropertyValueSpecification\",\"valueRequired\":true,\"valueName\":\"search_term_string\"}}],\"inLanguage\":\"fr-FR\"},{\"@type\":\"Organization\",\"@id\":\"https:\\\/\\\/japanpun.ch\\\/#organization\",\"name\":\"JAPAN PUNCH Group\",\"url\":\"https:\\\/\\\/japanpun.ch\\\/\",\"logo\":{\"@type\":\"ImageObject\",\"inLanguage\":\"fr-FR\",\"@id\":\"https:\\\/\\\/japanpun.ch\\\/#\\\/schema\\\/logo\\\/image\\\/\",\"url\":\"https:\\\/\\\/japanpun.ch\\\/wp-content\\\/uploads\\\/2024\\\/01\\\/Plan-de-travail-3.webp\",\"contentUrl\":\"https:\\\/\\\/japanpun.ch\\\/wp-content\\\/uploads\\\/2024\\\/01\\\/Plan-de-travail-3.webp\",\"width\":801,\"height\":324,\"caption\":\"JAPAN PUNCH Group\"},\"image\":{\"@id\":\"https:\\\/\\\/japanpun.ch\\\/#\\\/schema\\\/logo\\\/image\\\/\"}}]}<\/script>\n<!-- \/ Yoast SEO plugin. -->","yoast_head_json":{"title":"Pour une com' aussi percutante en japonais qu\u2019en fran\u00e7ais - JAPAN PUNCH Group","robots":{"index":"index","follow":"follow","max-snippet":"max-snippet:-1","max-image-preview":"max-image-preview:large","max-video-preview":"max-video-preview:-1"},"canonical":"https:\/\/japanpun.ch\/?page_id=7","og_locale":"fr_FR","og_type":"article","og_title":"Pour une com' aussi percutante en japonais qu\u2019en fran\u00e7ais - JAPAN PUNCH Group","og_description":"Du print au web, en passant par les r\u00e9seaux sociaux et l&rsquo;organisation d&rsquo;\u00e9v\u00e9nements, notre expertise couvre tous les canaux essentiels pour maximiser votre visibilit\u00e9 et engagement. \u00ab\u00a0Ma\u00eetrisez les codes culturels essentiels pour garantir le succ\u00e8s de vos affaires entre la France et le Japon.\u00a0\u00bb Une langue constitue un syst\u00e8me complexe et unique ; opter pour [&hellip;]","og_url":"https:\/\/japanpun.ch\/?page_id=7","og_site_name":"JAPAN PUNCH Group","article_modified_time":"2024-02-29T15:48:12+00:00","og_image":[{"width":1200,"height":769,"url":"https:\/\/japanpun.ch\/wp-content\/uploads\/2019\/12\/2020-landscape-1.png","type":"image\/png"}],"twitter_card":"summary_large_image","twitter_misc":{"Dur\u00e9e de lecture estim\u00e9e":"2 minutes"},"schema":{"@context":"https:\/\/schema.org","@graph":[{"@type":"WebPage","@id":"https:\/\/japanpun.ch\/?page_id=7","url":"https:\/\/japanpun.ch\/?page_id=7","name":"Pour une com' aussi percutante en japonais qu\u2019en fran\u00e7ais - JAPAN PUNCH Group","isPartOf":{"@id":"https:\/\/japanpun.ch\/#website"},"primaryImageOfPage":{"@id":"https:\/\/japanpun.ch\/?page_id=7#primaryimage"},"image":{"@id":"https:\/\/japanpun.ch\/?page_id=7#primaryimage"},"thumbnailUrl":"https:\/\/japanpun.ch\/wp-content\/uploads\/2019\/12\/2020-landscape-1.png","datePublished":"2019-12-16T17:26:14+00:00","dateModified":"2024-02-29T15:48:12+00:00","breadcrumb":{"@id":"https:\/\/japanpun.ch\/?page_id=7#breadcrumb"},"inLanguage":"fr-FR","potentialAction":[{"@type":"ReadAction","target":["https:\/\/japanpun.ch\/?page_id=7"]}]},{"@type":"ImageObject","inLanguage":"fr-FR","@id":"https:\/\/japanpun.ch\/?page_id=7#primaryimage","url":"https:\/\/japanpun.ch\/wp-content\/uploads\/2019\/12\/2020-landscape-1.png","contentUrl":"https:\/\/japanpun.ch\/wp-content\/uploads\/2019\/12\/2020-landscape-1.png","width":1200,"height":769},{"@type":"BreadcrumbList","@id":"https:\/\/japanpun.ch\/?page_id=7#breadcrumb","itemListElement":[{"@type":"ListItem","position":1,"name":"Home","item":"https:\/\/japanpun.ch\/"},{"@type":"ListItem","position":2,"name":"Pour une com&rsquo; aussi percutante en japonais qu\u2019en fran\u00e7ais"}]},{"@type":"WebSite","@id":"https:\/\/japanpun.ch\/#website","url":"https:\/\/japanpun.ch\/","name":"JAPAN PUNCH Group","description":"France\/Japan \ud83c\uddef\ud83c\uddf5\ud83c\uddeb\ud83c\uddf7 Cross Business","publisher":{"@id":"https:\/\/japanpun.ch\/#organization"},"potentialAction":[{"@type":"SearchAction","target":{"@type":"EntryPoint","urlTemplate":"https:\/\/japanpun.ch\/?s={search_term_string}"},"query-input":{"@type":"PropertyValueSpecification","valueRequired":true,"valueName":"search_term_string"}}],"inLanguage":"fr-FR"},{"@type":"Organization","@id":"https:\/\/japanpun.ch\/#organization","name":"JAPAN PUNCH Group","url":"https:\/\/japanpun.ch\/","logo":{"@type":"ImageObject","inLanguage":"fr-FR","@id":"https:\/\/japanpun.ch\/#\/schema\/logo\/image\/","url":"https:\/\/japanpun.ch\/wp-content\/uploads\/2024\/01\/Plan-de-travail-3.webp","contentUrl":"https:\/\/japanpun.ch\/wp-content\/uploads\/2024\/01\/Plan-de-travail-3.webp","width":801,"height":324,"caption":"JAPAN PUNCH Group"},"image":{"@id":"https:\/\/japanpun.ch\/#\/schema\/logo\/image\/"}}]}},"jetpack_sharing_enabled":true,"_links":{"self":[{"href":"https:\/\/japanpun.ch\/index.php?rest_route=\/wp\/v2\/pages\/7","targetHints":{"allow":["GET"]}}],"collection":[{"href":"https:\/\/japanpun.ch\/index.php?rest_route=\/wp\/v2\/pages"}],"about":[{"href":"https:\/\/japanpun.ch\/index.php?rest_route=\/wp\/v2\/types\/page"}],"author":[{"embeddable":true,"href":"https:\/\/japanpun.ch\/index.php?rest_route=\/wp\/v2\/users\/1"}],"replies":[{"embeddable":true,"href":"https:\/\/japanpun.ch\/index.php?rest_route=%2Fwp%2Fv2%2Fcomments&post=7"}],"version-history":[{"count":12,"href":"https:\/\/japanpun.ch\/index.php?rest_route=\/wp\/v2\/pages\/7\/revisions"}],"predecessor-version":[{"id":144,"href":"https:\/\/japanpun.ch\/index.php?rest_route=\/wp\/v2\/pages\/7\/revisions\/144"}],"wp:featuredmedia":[{"embeddable":true,"href":"https:\/\/japanpun.ch\/index.php?rest_route=\/wp\/v2\/media\/6"}],"wp:attachment":[{"href":"https:\/\/japanpun.ch\/index.php?rest_route=%2Fwp%2Fv2%2Fmedia&parent=7"}],"curies":[{"name":"wp","href":"https:\/\/api.w.org\/{rel}","templated":true}]}}