{"id":50,"date":"2024-01-26T22:49:59","date_gmt":"2024-01-26T22:49:59","guid":{"rendered":"https:\/\/japanpun.ch\/?page_id=50"},"modified":"2024-02-29T14:50:02","modified_gmt":"2024-02-29T14:50:02","slug":"bienvenue","status":"publish","type":"page","link":"https:\/\/japanpun.ch\/","title":{"rendered":"JAPAN PUNCH Group"},"content":{"rendered":"\n<div class=\"wp-block-cover alignfull is-repeated\" style=\"min-height:800px;aspect-ratio:unset;\"><span aria-hidden=\"true\" class=\"wp-block-cover__background has-background-dim-0 has-background-dim\"><\/span><div role=\"img\" class=\"wp-block-cover__image-background wp-image-98 is-repeated\" style=\"background-position:50% 50%;background-image:url(https:\/\/japanpun.ch\/wp-content\/uploads\/2024\/01\/Plan-de-travail-2.webp)\"><\/div><div class=\"wp-block-cover__inner-container is-layout-flow wp-block-cover-is-layout-flow\">\n<h3 class=\"wp-block-heading alignwide has-text-align-center has-primary-color has-background-background-color has-text-color has-background\" style=\"font-size:26px;font-style:normal;font-weight:300\">France\/Japan \ud83c\uddef\ud83c\uddf5\ud83c\uddeb\ud83c\uddf7 Cross Business <\/h3>\n\n\n\n<div class=\"wp-block-columns alignwide is-layout-flex wp-container-core-columns-is-layout-9d6595d7 wp-block-columns-is-layout-flex\">\n<div class=\"wp-block-column is-layout-flow wp-block-column-is-layout-flow\" style=\"flex-basis:55%\">\n<p class=\"has-text-align-right has-primary-color has-background-background-color has-text-color has-background has-large-font-size\" style=\"line-height:1.3\"><em>Le Groupe JAPAN PUNCH g\u00e8re la constellation de Marques et de Services Franco-Japonais d\u00e9velopp\u00e9s par: <br> Yuka Yamaguchi, Adrien Leuci, Pierre-\u00c9tienne De Lazzer, Philippe Bocquel <br>entre Toulouse, Paris et Tokyo.<\/em><\/p>\n\n\n\n<div style=\"height:52px\" aria-hidden=\"true\" class=\"wp-block-spacer\"><\/div>\n<\/div>\n\n\n\n<div class=\"wp-block-column is-layout-flow wp-block-column-is-layout-flow\"><\/div>\n<\/div>\n<\/div><\/div>\n\n\n\n<div class=\"wp-block-group alignfull has-primary-background-color has-background\" id=\"marques\"><div class=\"wp-block-group__inner-container is-layout-flow wp-block-group-is-layout-flow\">\n<div class=\"wp-block-columns is-layout-flex wp-container-core-columns-is-layout-9d6595d7 wp-block-columns-is-layout-flex\">\n<div class=\"wp-block-column is-layout-flow wp-block-column-is-layout-flow\">\n<p class=\"has-text-align-center has-background-color has-text-color has-large-font-size\"><em>Depuis<\/em> :<br>2009<\/p>\n<\/div>\n\n\n\n<div class=\"wp-block-column is-layout-flow wp-block-column-is-layout-flow\">\n<p class=\"has-text-align-center has-background-color has-text-color has-large-font-size\"><em>Emplacement<\/em>s :<br>Toulouse &#8211; Paris &#8211; Tokyo<\/p>\n<\/div>\n\n\n\n<div class=\"wp-block-column is-layout-flow wp-block-column-is-layout-flow\">\n<p class=\"has-text-align-center has-background-color has-text-color has-large-font-size\"><em>Marques &amp; Services : <br><\/em>Six <\/p>\n<\/div>\n<\/div>\n<\/div><\/div>\n\n\n\n<h2 class=\"wp-block-heading has-accent-color has-text-color has-link-color wp-elements-4fc667d1f70de9a7845aedf4f14967a1\"> Nos marques<\/h2>\n\n\n\n<div class=\"wp-block-columns alignwide is-layout-flex wp-container-core-columns-is-layout-9d6595d7 wp-block-columns-is-layout-flex\">\n<div class=\"wp-block-column is-layout-flow wp-block-column-is-layout-flow\">\n<p class=\"has-background-color has-accent-background-color has-text-color has-background has-link-color has-small-font-size wp-elements-0994549d8e35b2f5e7193842875aa979\"><strong>B2C<\/strong><\/p>\n\n\n\n<figure class=\"wp-block-image size-large size-full\"><img loading=\"lazy\" decoding=\"async\" width=\"1024\" height=\"683\" src=\"https:\/\/japanpun.ch\/wp-content\/uploads\/2024\/01\/journal-un-plie-1024x683.jpg\" alt=\"\" class=\"wp-image-56\" srcset=\"https:\/\/japanpun.ch\/wp-content\/uploads\/2024\/01\/journal-un-plie-1024x683.jpg 1024w, https:\/\/japanpun.ch\/wp-content\/uploads\/2024\/01\/journal-un-plie-300x200.jpg 300w, https:\/\/japanpun.ch\/wp-content\/uploads\/2024\/01\/journal-un-plie-768x512.jpg 768w, https:\/\/japanpun.ch\/wp-content\/uploads\/2024\/01\/journal-un-plie-1536x1024.jpg 1536w, https:\/\/japanpun.ch\/wp-content\/uploads\/2024\/01\/journal-un-plie-1200x800.jpg 1200w, https:\/\/japanpun.ch\/wp-content\/uploads\/2024\/01\/journal-un-plie.jpg 1920w\" sizes=\"auto, (max-width: 1024px) 100vw, 1024px\" \/><\/figure>\n\n\n\n<h3 class=\"wp-block-heading has-accent-color has-text-color has-link-color wp-elements-3c0701fc0f9c85b52c5836219acfc85d\">Japon infos<\/h3>\n\n\n\n<p class=\"has-larger-font-size\"><em>Slow<\/em> m\u00e9dia de l&rsquo;Archipel<\/p>\n\n\n\n<p class=\"has-larger-font-size\">\u00c9dition de journaux \/ site internet \/ r\u00e9seaux sociaux \/ livres&#8230;<\/p>\n\n\n\n<div class=\"wp-block-button is-style-outline alignleft is-style-outline--1\"><a class=\"wp-block-button__link wp-element-button\" href=\"https:\/\/www.japoninfos.com\" target=\"_blank\" rel=\"noreferrer noopener\">EN SAVOIR PLUS <\/a><\/div>\n<\/div>\n\n\n\n<div class=\"wp-block-column is-vertically-aligned-stretch is-layout-flow wp-block-column-is-layout-flow\">\n<p class=\"has-background-color has-primary-background-color has-text-color has-background has-link-color has-small-font-size wp-elements-b53f88c0c82ae3f3f402f10d4f0f720d\"><strong>B2B<\/strong><\/p>\n\n\n\n<figure class=\"wp-block-image size-full\"><img loading=\"lazy\" decoding=\"async\" width=\"1920\" height=\"1080\" src=\"https:\/\/japanpun.ch\/wp-content\/uploads\/2024\/01\/td-hero-home.jpg\" alt=\"\" class=\"wp-image-55\" style=\"aspect-ratio:3\/2;object-fit:cover\" srcset=\"https:\/\/japanpun.ch\/wp-content\/uploads\/2024\/01\/td-hero-home.jpg 1920w, https:\/\/japanpun.ch\/wp-content\/uploads\/2024\/01\/td-hero-home-300x169.jpg 300w, https:\/\/japanpun.ch\/wp-content\/uploads\/2024\/01\/td-hero-home-1024x576.jpg 1024w, https:\/\/japanpun.ch\/wp-content\/uploads\/2024\/01\/td-hero-home-768x432.jpg 768w, https:\/\/japanpun.ch\/wp-content\/uploads\/2024\/01\/td-hero-home-1536x864.jpg 1536w, https:\/\/japanpun.ch\/wp-content\/uploads\/2024\/01\/td-hero-home-1200x675.jpg 1200w\" sizes=\"auto, (max-width: 1920px) 100vw, 1920px\" \/><\/figure>\n\n\n\n<h3 class=\"wp-block-heading has-accent-color has-text-color has-link-color wp-elements-a4ad0c640ec5420efef80e053f672398\">ADRYEN <em>studio<\/em><\/h3>\n\n\n\n<p class=\"has-larger-font-size\">Recherche et cr\u00e9ation <br>en design graphique<\/p>\n\n\n\n<div class=\"wp-block-button is-style-outline alignleft is-style-outline--2\"><a class=\"wp-block-button__link wp-element-button\" href=\"https:\/\/www.adryen.com\" target=\"_blank\" rel=\"noreferrer noopener\">Lire la suite<\/a><\/div>\n<\/div>\n\n\n\n<div class=\"wp-block-column is-layout-flow wp-block-column-is-layout-flow\">\n<p class=\"has-background-color has-accent-background-color has-text-color has-background has-link-color has-small-font-size wp-elements-0994549d8e35b2f5e7193842875aa979\"><strong>B2C<\/strong><\/p>\n\n\n\n<figure class=\"wp-block-image size-large size-full\"><img loading=\"lazy\" decoding=\"async\" width=\"1024\" height=\"576\" src=\"https:\/\/japanpun.ch\/wp-content\/uploads\/2024\/01\/banniere_machiya_toulouse_japon_concept_store-1024x576.jpg\" alt=\"\" class=\"wp-image-57\" style=\"aspect-ratio:3\/2;object-fit:cover\" srcset=\"https:\/\/japanpun.ch\/wp-content\/uploads\/2024\/01\/banniere_machiya_toulouse_japon_concept_store-1024x576.jpg 1024w, https:\/\/japanpun.ch\/wp-content\/uploads\/2024\/01\/banniere_machiya_toulouse_japon_concept_store-300x169.jpg 300w, https:\/\/japanpun.ch\/wp-content\/uploads\/2024\/01\/banniere_machiya_toulouse_japon_concept_store-768x432.jpg 768w, https:\/\/japanpun.ch\/wp-content\/uploads\/2024\/01\/banniere_machiya_toulouse_japon_concept_store-1536x864.jpg 1536w, https:\/\/japanpun.ch\/wp-content\/uploads\/2024\/01\/banniere_machiya_toulouse_japon_concept_store-1200x675.jpg 1200w, https:\/\/japanpun.ch\/wp-content\/uploads\/2024\/01\/banniere_machiya_toulouse_japon_concept_store.jpg 1920w\" sizes=\"auto, (max-width: 1024px) 100vw, 1024px\" \/><\/figure>\n\n\n\n<h3 class=\"wp-block-heading has-accent-color has-text-color has-link-color wp-elements-e0e68ed686001a8f5013880f19b90cf6\">Machi ya &amp;<br>Japonsake.com<\/h3>\n\n\n\n<p class=\"has-larger-font-size\">Retail : \u00e9picerie fine + comptoir d&rsquo;alcools japonais de Toulouse<\/p>\n\n\n\n<div class=\"wp-block-button is-style-outline alignleft is-style-outline--3\"><a class=\"wp-block-button__link wp-element-button\" href=\"http:\/\/machiya.fr\">d\u00e9couvrir<\/a><\/div>\n<\/div>\n<\/div>\n\n\n\n<h2 class=\"wp-block-heading has-accent-color has-text-color has-link-color wp-elements-c1e7a8af21e30846a7b076cf2899d92f\"> Nos services<\/h2>\n\n\n\n<div class=\"wp-block-columns alignwide is-layout-flex wp-container-core-columns-is-layout-9d6595d7 wp-block-columns-is-layout-flex\">\n<div class=\"wp-block-column is-layout-flow wp-block-column-is-layout-flow\">\n<p class=\"has-background-color has-accent-background-color has-text-color has-background has-link-color has-small-font-size wp-elements-0994549d8e35b2f5e7193842875aa979\"><strong>B2C<\/strong><\/p>\n\n\n\n<figure class=\"wp-block-image size-full\"><img loading=\"lazy\" decoding=\"async\" width=\"500\" height=\"262\" src=\"https:\/\/japanpun.ch\/wp-content\/uploads\/2024\/01\/Porte-ouverte.jpg\" alt=\"\" class=\"wp-image-54\" style=\"aspect-ratio:3\/2;object-fit:cover\" srcset=\"https:\/\/japanpun.ch\/wp-content\/uploads\/2024\/01\/Porte-ouverte.jpg 500w, https:\/\/japanpun.ch\/wp-content\/uploads\/2024\/01\/Porte-ouverte-300x157.jpg 300w\" sizes=\"auto, (max-width: 500px) 100vw, 500px\" \/><\/figure>\n\n\n\n<h3 class=\"wp-block-heading has-accent-color has-text-color has-link-color wp-elements-976233f59c2923e4c6997a11ba1e8f75\">Cours Japon Toulouse<\/h3>\n\n\n\n<p class=\"has-larger-font-size\">Formation : \u00e9cole de loisir en langue japonaise de Toulouse<\/p>\n\n\n\n<div class=\"wp-block-button is-style-outline alignleft is-style-outline--4\"><a class=\"wp-block-button__link wp-element-button\" href=\"http:\/\/cours.japon-toulouse.fr\" target=\"_blank\" rel=\"noreferrer noopener\">Lire la suite<\/a><\/div>\n<\/div>\n\n\n\n<div class=\"wp-block-column is-layout-flow wp-block-column-is-layout-flow\">\n<p class=\"has-accent-color has-primary-background-color has-text-color has-background has-link-color has-small-font-size wp-elements-f939a56a008f83ad49f8db19be7327ad\"><strong>B2B<\/strong><\/p>\n\n\n\n<figure class=\"wp-block-image size-full\"><img loading=\"lazy\" decoding=\"async\" width=\"1280\" height=\"960\" src=\"https:\/\/japanpun.ch\/wp-content\/uploads\/2024\/01\/MEGA-MATSURI-ensemble-4.jpeg\" alt=\"\" class=\"wp-image-109\" style=\"aspect-ratio:3\/2;object-fit:cover\" srcset=\"https:\/\/japanpun.ch\/wp-content\/uploads\/2024\/01\/MEGA-MATSURI-ensemble-4.jpeg 1280w, https:\/\/japanpun.ch\/wp-content\/uploads\/2024\/01\/MEGA-MATSURI-ensemble-4-300x225.jpeg 300w, https:\/\/japanpun.ch\/wp-content\/uploads\/2024\/01\/MEGA-MATSURI-ensemble-4-1024x768.jpeg 1024w, https:\/\/japanpun.ch\/wp-content\/uploads\/2024\/01\/MEGA-MATSURI-ensemble-4-768x576.jpeg 768w, https:\/\/japanpun.ch\/wp-content\/uploads\/2024\/01\/MEGA-MATSURI-ensemble-4-1200x900.jpeg 1200w\" sizes=\"auto, (max-width: 1280px) 100vw, 1280px\" \/><\/figure>\n\n\n\n<h3 class=\"wp-block-heading has-accent-color has-text-color has-link-color wp-elements-84632c2cb0503cac48c6535e6d3c7f9d\">COM &amp; EVENT <\/h3>\n\n\n\n<p class=\"has-larger-font-size\">Agence de communication et d&rsquo;\u00e9v\u00e9nementiel franco-japonaise en Occitanie<\/p>\n\n\n\n<div class=\"wp-block-button is-style-outline alignleft is-style-outline--5\"><a class=\"wp-block-button__link wp-element-button\" href=\"http:\/\/japanpun.ch\/?page_id=7\" target=\"_blank\" rel=\"noreferrer noopener\">Lire la suite<\/a><\/div>\n<\/div>\n\n\n\n<div class=\"wp-block-column is-layout-flow wp-block-column-is-layout-flow\">\n<p class=\"has-accent-color has-primary-background-color has-text-color has-background has-link-color has-small-font-size wp-elements-f939a56a008f83ad49f8db19be7327ad\"><strong>B2B<\/strong><\/p>\n\n\n\n<figure class=\"wp-block-image size-large size-full\"><img loading=\"lazy\" decoding=\"async\" width=\"1024\" height=\"624\" src=\"https:\/\/japanpun.ch\/wp-content\/uploads\/2024\/01\/Mise-en-page-PAO-graphisme-en-Japonais-francais-anglais-1024x624.png\" alt=\"\" class=\"wp-image-59\" style=\"aspect-ratio:3\/2;object-fit:cover\" srcset=\"https:\/\/japanpun.ch\/wp-content\/uploads\/2024\/01\/Mise-en-page-PAO-graphisme-en-Japonais-francais-anglais-1024x624.png 1024w, https:\/\/japanpun.ch\/wp-content\/uploads\/2024\/01\/Mise-en-page-PAO-graphisme-en-Japonais-francais-anglais-300x183.png 300w, https:\/\/japanpun.ch\/wp-content\/uploads\/2024\/01\/Mise-en-page-PAO-graphisme-en-Japonais-francais-anglais-768x468.png 768w, https:\/\/japanpun.ch\/wp-content\/uploads\/2024\/01\/Mise-en-page-PAO-graphisme-en-Japonais-francais-anglais-1200x731.png 1200w, https:\/\/japanpun.ch\/wp-content\/uploads\/2024\/01\/Mise-en-page-PAO-graphisme-en-Japonais-francais-anglais.png 1437w\" sizes=\"auto, (max-width: 1024px) 100vw, 1024px\" \/><\/figure>\n\n\n\n<h3 class=\"wp-block-heading has-accent-color has-text-color has-link-color wp-elements-a74645874923c4389396950ff8f34e1b\">Traduction + D\u00e9codage<\/h3>\n\n\n\n<p class=\"has-larger-font-size\">Interpr\u00e9tariat, traduction asserment\u00e9e et adaptation en japonais pr\u00e8s de la Cour d\u2019appel de Toulouse<\/p>\n\n\n\n<div class=\"wp-block-button is-style-outline alignleft is-style-outline--6\"><a class=\"wp-block-button__link wp-element-button\" href=\"https:\/\/www.japon-info.com\/consulting\/interpretariat-traduction\/\" target=\"_blank\" rel=\"noreferrer noopener\">Lire la suite<\/a><\/div>\n<\/div>\n<\/div>\n","protected":false},"excerpt":{"rendered":"<p>Depuis :2009 Emplacements :Toulouse &#8211; Paris &#8211; Tokyo Marques &amp; Services : Six Nos marques B2C Japon infos Slow m\u00e9dia de l&rsquo;Archipel \u00c9dition de journaux \/ site internet \/ r\u00e9seaux sociaux \/ livres&#8230; B2B ADRYEN studio Recherche et cr\u00e9ation en design graphique B2C Machi ya &amp;Japonsake.com Retail : \u00e9picerie fine + comptoir d&rsquo;alcools japonais de [&hellip;]<\/p>\n","protected":false},"author":1,"featured_media":62,"parent":0,"menu_order":0,"comment_status":"closed","ping_status":"closed","template":"templates\/template-cover.php","meta":{"footnotes":""},"class_list":["post-50","page","type-page","status-publish","has-post-thumbnail","hentry"],"yoast_head":"<!-- This site is optimized with the Yoast SEO plugin v27.4 - https:\/\/yoast.com\/product\/yoast-seo-wordpress\/ -->\n<title>JAPAN PUNCH Group - France\/Japon Cross Business<\/title>\n<meta name=\"description\" content=\"Le Groupe JAPAN PUNCH g\u00e8re la constellation de Marques et de Services Franco-Japonais d\u00e9velopp\u00e9s par Yuka Yamaguchi, Adrien Leuci, Philippe Bocquel et Pierre-Etienne De Lazzer entre Toulouse, Paris et Tokyo.\" \/>\n<meta name=\"robots\" content=\"index, follow, max-snippet:-1, max-image-preview:large, max-video-preview:-1\" \/>\n<link rel=\"canonical\" href=\"https:\/\/japanpun.ch\/\" \/>\n<meta property=\"og:locale\" content=\"fr_FR\" \/>\n<meta property=\"og:type\" content=\"article\" \/>\n<meta property=\"og:title\" content=\"JAPAN PUNCH Group - France\/Japon Cross Business\" \/>\n<meta property=\"og:description\" content=\"Le Groupe JAPAN PUNCH g\u00e8re la constellation de Marques et de Services Franco-Japonais d\u00e9velopp\u00e9s par Yuka Yamaguchi, Adrien Leuci, Philippe Bocquel et Pierre-Etienne De Lazzer entre Toulouse, Paris et Tokyo.\" \/>\n<meta property=\"og:url\" content=\"https:\/\/japanpun.ch\/\" \/>\n<meta property=\"og:site_name\" content=\"JAPAN PUNCH Group\" \/>\n<meta property=\"article:modified_time\" content=\"2024-02-29T14:50:02+00:00\" \/>\n<meta property=\"og:image\" content=\"https:\/\/japanpun.ch\/wp-content\/uploads\/2024\/01\/devanture_epicerie_japonaise_toulouse_sake.webp\" \/>\n\t<meta property=\"og:image:width\" content=\"1500\" \/>\n\t<meta property=\"og:image:height\" content=\"1125\" \/>\n\t<meta property=\"og:image:type\" content=\"image\/webp\" \/>\n<meta name=\"twitter:card\" content=\"summary_large_image\" \/>\n<meta name=\"twitter:label1\" content=\"Dur\u00e9e de lecture estim\u00e9e\" \/>\n\t<meta name=\"twitter:data1\" content=\"3 minutes\" \/>\n<script type=\"application\/ld+json\" class=\"yoast-schema-graph\">{\"@context\":\"https:\\\/\\\/schema.org\",\"@graph\":[{\"@type\":\"WebPage\",\"@id\":\"https:\\\/\\\/japanpun.ch\\\/\",\"url\":\"https:\\\/\\\/japanpun.ch\\\/\",\"name\":\"JAPAN PUNCH Group - France\\\/Japon Cross Business\",\"isPartOf\":{\"@id\":\"https:\\\/\\\/japanpun.ch\\\/#website\"},\"primaryImageOfPage\":{\"@id\":\"https:\\\/\\\/japanpun.ch\\\/#primaryimage\"},\"image\":{\"@id\":\"https:\\\/\\\/japanpun.ch\\\/#primaryimage\"},\"thumbnailUrl\":\"https:\\\/\\\/japanpun.ch\\\/wp-content\\\/uploads\\\/2024\\\/01\\\/devanture_epicerie_japonaise_toulouse_sake.webp\",\"datePublished\":\"2024-01-26T22:49:59+00:00\",\"dateModified\":\"2024-02-29T14:50:02+00:00\",\"description\":\"Le Groupe JAPAN PUNCH g\u00e8re la constellation de Marques et de Services Franco-Japonais d\u00e9velopp\u00e9s par Yuka Yamaguchi, Adrien Leuci, Philippe Bocquel et Pierre-Etienne De Lazzer entre Toulouse, Paris et Tokyo.\",\"breadcrumb\":{\"@id\":\"https:\\\/\\\/japanpun.ch\\\/#breadcrumb\"},\"inLanguage\":\"fr-FR\",\"potentialAction\":[{\"@type\":\"ReadAction\",\"target\":[\"https:\\\/\\\/japanpun.ch\\\/\"]}]},{\"@type\":\"ImageObject\",\"inLanguage\":\"fr-FR\",\"@id\":\"https:\\\/\\\/japanpun.ch\\\/#primaryimage\",\"url\":\"https:\\\/\\\/japanpun.ch\\\/wp-content\\\/uploads\\\/2024\\\/01\\\/devanture_epicerie_japonaise_toulouse_sake.webp\",\"contentUrl\":\"https:\\\/\\\/japanpun.ch\\\/wp-content\\\/uploads\\\/2024\\\/01\\\/devanture_epicerie_japonaise_toulouse_sake.webp\",\"width\":1500,\"height\":1125},{\"@type\":\"BreadcrumbList\",\"@id\":\"https:\\\/\\\/japanpun.ch\\\/#breadcrumb\",\"itemListElement\":[{\"@type\":\"ListItem\",\"position\":1,\"name\":\"Home\",\"item\":\"https:\\\/\\\/japanpun.ch\\\/\"},{\"@type\":\"ListItem\",\"position\":2,\"name\":\"JAPAN PUNCH Group\"}]},{\"@type\":\"WebSite\",\"@id\":\"https:\\\/\\\/japanpun.ch\\\/#website\",\"url\":\"https:\\\/\\\/japanpun.ch\\\/\",\"name\":\"JAPAN PUNCH Group\",\"description\":\"France\\\/Japan \ud83c\uddef\ud83c\uddf5\ud83c\uddeb\ud83c\uddf7 Cross Business\",\"publisher\":{\"@id\":\"https:\\\/\\\/japanpun.ch\\\/#organization\"},\"potentialAction\":[{\"@type\":\"SearchAction\",\"target\":{\"@type\":\"EntryPoint\",\"urlTemplate\":\"https:\\\/\\\/japanpun.ch\\\/?s={search_term_string}\"},\"query-input\":{\"@type\":\"PropertyValueSpecification\",\"valueRequired\":true,\"valueName\":\"search_term_string\"}}],\"inLanguage\":\"fr-FR\"},{\"@type\":\"Organization\",\"@id\":\"https:\\\/\\\/japanpun.ch\\\/#organization\",\"name\":\"JAPAN PUNCH Group\",\"url\":\"https:\\\/\\\/japanpun.ch\\\/\",\"logo\":{\"@type\":\"ImageObject\",\"inLanguage\":\"fr-FR\",\"@id\":\"https:\\\/\\\/japanpun.ch\\\/#\\\/schema\\\/logo\\\/image\\\/\",\"url\":\"https:\\\/\\\/japanpun.ch\\\/wp-content\\\/uploads\\\/2024\\\/01\\\/Plan-de-travail-3.webp\",\"contentUrl\":\"https:\\\/\\\/japanpun.ch\\\/wp-content\\\/uploads\\\/2024\\\/01\\\/Plan-de-travail-3.webp\",\"width\":801,\"height\":324,\"caption\":\"JAPAN PUNCH Group\"},\"image\":{\"@id\":\"https:\\\/\\\/japanpun.ch\\\/#\\\/schema\\\/logo\\\/image\\\/\"}}]}<\/script>\n<!-- \/ Yoast SEO plugin. -->","yoast_head_json":{"title":"JAPAN PUNCH Group - France\/Japon Cross Business","description":"Le Groupe JAPAN PUNCH g\u00e8re la constellation de Marques et de Services Franco-Japonais d\u00e9velopp\u00e9s par Yuka Yamaguchi, Adrien Leuci, Philippe Bocquel et Pierre-Etienne De Lazzer entre Toulouse, Paris et Tokyo.","robots":{"index":"index","follow":"follow","max-snippet":"max-snippet:-1","max-image-preview":"max-image-preview:large","max-video-preview":"max-video-preview:-1"},"canonical":"https:\/\/japanpun.ch\/","og_locale":"fr_FR","og_type":"article","og_title":"JAPAN PUNCH Group - France\/Japon Cross Business","og_description":"Le Groupe JAPAN PUNCH g\u00e8re la constellation de Marques et de Services Franco-Japonais d\u00e9velopp\u00e9s par Yuka Yamaguchi, Adrien Leuci, Philippe Bocquel et Pierre-Etienne De Lazzer entre Toulouse, Paris et Tokyo.","og_url":"https:\/\/japanpun.ch\/","og_site_name":"JAPAN PUNCH Group","article_modified_time":"2024-02-29T14:50:02+00:00","og_image":[{"width":1500,"height":1125,"url":"https:\/\/japanpun.ch\/wp-content\/uploads\/2024\/01\/devanture_epicerie_japonaise_toulouse_sake.webp","type":"image\/webp"}],"twitter_card":"summary_large_image","twitter_misc":{"Dur\u00e9e de lecture estim\u00e9e":"3 minutes"},"schema":{"@context":"https:\/\/schema.org","@graph":[{"@type":"WebPage","@id":"https:\/\/japanpun.ch\/","url":"https:\/\/japanpun.ch\/","name":"JAPAN PUNCH Group - France\/Japon Cross Business","isPartOf":{"@id":"https:\/\/japanpun.ch\/#website"},"primaryImageOfPage":{"@id":"https:\/\/japanpun.ch\/#primaryimage"},"image":{"@id":"https:\/\/japanpun.ch\/#primaryimage"},"thumbnailUrl":"https:\/\/japanpun.ch\/wp-content\/uploads\/2024\/01\/devanture_epicerie_japonaise_toulouse_sake.webp","datePublished":"2024-01-26T22:49:59+00:00","dateModified":"2024-02-29T14:50:02+00:00","description":"Le Groupe JAPAN PUNCH g\u00e8re la constellation de Marques et de Services Franco-Japonais d\u00e9velopp\u00e9s par Yuka Yamaguchi, Adrien Leuci, Philippe Bocquel et Pierre-Etienne De Lazzer entre Toulouse, Paris et Tokyo.","breadcrumb":{"@id":"https:\/\/japanpun.ch\/#breadcrumb"},"inLanguage":"fr-FR","potentialAction":[{"@type":"ReadAction","target":["https:\/\/japanpun.ch\/"]}]},{"@type":"ImageObject","inLanguage":"fr-FR","@id":"https:\/\/japanpun.ch\/#primaryimage","url":"https:\/\/japanpun.ch\/wp-content\/uploads\/2024\/01\/devanture_epicerie_japonaise_toulouse_sake.webp","contentUrl":"https:\/\/japanpun.ch\/wp-content\/uploads\/2024\/01\/devanture_epicerie_japonaise_toulouse_sake.webp","width":1500,"height":1125},{"@type":"BreadcrumbList","@id":"https:\/\/japanpun.ch\/#breadcrumb","itemListElement":[{"@type":"ListItem","position":1,"name":"Home","item":"https:\/\/japanpun.ch\/"},{"@type":"ListItem","position":2,"name":"JAPAN PUNCH Group"}]},{"@type":"WebSite","@id":"https:\/\/japanpun.ch\/#website","url":"https:\/\/japanpun.ch\/","name":"JAPAN PUNCH Group","description":"France\/Japan \ud83c\uddef\ud83c\uddf5\ud83c\uddeb\ud83c\uddf7 Cross Business","publisher":{"@id":"https:\/\/japanpun.ch\/#organization"},"potentialAction":[{"@type":"SearchAction","target":{"@type":"EntryPoint","urlTemplate":"https:\/\/japanpun.ch\/?s={search_term_string}"},"query-input":{"@type":"PropertyValueSpecification","valueRequired":true,"valueName":"search_term_string"}}],"inLanguage":"fr-FR"},{"@type":"Organization","@id":"https:\/\/japanpun.ch\/#organization","name":"JAPAN PUNCH Group","url":"https:\/\/japanpun.ch\/","logo":{"@type":"ImageObject","inLanguage":"fr-FR","@id":"https:\/\/japanpun.ch\/#\/schema\/logo\/image\/","url":"https:\/\/japanpun.ch\/wp-content\/uploads\/2024\/01\/Plan-de-travail-3.webp","contentUrl":"https:\/\/japanpun.ch\/wp-content\/uploads\/2024\/01\/Plan-de-travail-3.webp","width":801,"height":324,"caption":"JAPAN PUNCH Group"},"image":{"@id":"https:\/\/japanpun.ch\/#\/schema\/logo\/image\/"}}]}},"jetpack_sharing_enabled":true,"_links":{"self":[{"href":"https:\/\/japanpun.ch\/index.php?rest_route=\/wp\/v2\/pages\/50","targetHints":{"allow":["GET"]}}],"collection":[{"href":"https:\/\/japanpun.ch\/index.php?rest_route=\/wp\/v2\/pages"}],"about":[{"href":"https:\/\/japanpun.ch\/index.php?rest_route=\/wp\/v2\/types\/page"}],"author":[{"embeddable":true,"href":"https:\/\/japanpun.ch\/index.php?rest_route=\/wp\/v2\/users\/1"}],"replies":[{"embeddable":true,"href":"https:\/\/japanpun.ch\/index.php?rest_route=%2Fwp%2Fv2%2Fcomments&post=50"}],"version-history":[{"count":19,"href":"https:\/\/japanpun.ch\/index.php?rest_route=\/wp\/v2\/pages\/50\/revisions"}],"predecessor-version":[{"id":142,"href":"https:\/\/japanpun.ch\/index.php?rest_route=\/wp\/v2\/pages\/50\/revisions\/142"}],"wp:featuredmedia":[{"embeddable":true,"href":"https:\/\/japanpun.ch\/index.php?rest_route=\/wp\/v2\/media\/62"}],"wp:attachment":[{"href":"https:\/\/japanpun.ch\/index.php?rest_route=%2Fwp%2Fv2%2Fmedia&parent=50"}],"curies":[{"name":"wp","href":"https:\/\/api.w.org\/{rel}","templated":true}]}}